{"id":27,"date":"2022-04-11T09:14:39","date_gmt":"2022-04-11T09:14:39","guid":{"rendered":"https:\/\/www.cssigniter.com\/demos\/blockchain-lite\/?page_id=27"},"modified":"2022-08-15T12:46:04","modified_gmt":"2022-08-15T10:46:04","slug":"company","status":"publish","type":"page","link":"http:\/\/executivecoaching.pl\/index.php\/company\/","title":{"rendered":"O mnie"},"content":{"rendered":"<div class=\"wp-block-image\">\n<figure class=\"alignright size-large is-resized\"><img loading=\"lazy\" decoding=\"async\" src=\"http:\/\/executivecoaching.pl\/wp-content\/uploads\/2022\/06\/lukasz-dabrowka-casual-front-2021-1024x682.jpg\" alt=\"\" class=\"wp-image-69\" width=\"300\" height=\"200\"\/><figcaption>Moje motto: &#8220;Walk Your talk&#8221;<\/figcaption><\/figure>\n<\/div>\n\n\n<h3 class=\"wp-block-heading\" id=\"oscar-neira\">\u0141ukasz D\u0105br\u00f3wka<\/h3>\n\n\n\n<p>Akredytowany i certyfikowany: coach MLC, cz\u0142onek Izby Coaching, trener HRD BP, facylitator APMG,  mediator, coach  z 18 do\u015bwiadczeniem zawodowym w obszarze szkole\u0144, facylitacji, negocjacji, mediacji oraz doradztwa dla klient\u00f3w firm B2B, B2C (m.in. telekomunikacja, finanse, budownictwo, handel, b. spo\u017cywcza).<\/p>\n\n\n\n<p>Wykorzystuje w pracy swoje do\u015bwiadczenie mened\u017cerskie, zarz\u0105dcze w zakresie projekt\u00f3w biznesowych (wdra\u017cania strategii rozwojowych , tworzenie nowych us\u0142ug i produkt\u00f3w, transformacji cyfrowej) oraz szkoleniowo-coachingowych. <\/p>\n\n\n\n<p>Jestem praktykiem &#8211; prowadzi\u0142em firm\u0119 handlow\u0105 z dzia\u0142em sprzeda\u017cy i obs\u0142ugi klienta; zarz\u0105dzam zespo\u0142ami projektowymi, prowadz\u0119 procesy rekrutacji oraz rozwoju talent\u00f3w. To czego ucz\u0119 sam cz\u0119sto poznaj\u0119 w swojej praktyce zawodowej. <\/p>\n\n\n\n<blockquote class=\"wp-block-quote is-layout-flow wp-block-quote-is-layout-flow\"><p><strong>Unikaln\u0105 kompetencj\u0105 jest praktyka zawodowa z pracy w ka\u017cdym z sektor\u00f3w gospodarki, kt\u00f3r\u0105 skutecznie wykorzystuje w pracy dla klient\u00f3w z sektora<\/strong>: <em>biznesu<\/em> (korporacje oraz SMP), <em>organizacje pozarz\u0105dowe<\/em> (NGO),<em> administracja publiczna oraz samorz\u0105dowa<\/em>.<\/p><\/blockquote>\n\n\n\n<p>.<\/p>\n\n\n\n<h3 class=\"wp-block-heading\" id=\"approaches\">Do\u015bwiadczenia zawodowe<\/h3>\n\n\n\n<p>Jest coachem pracuj\u0105cym indywidualnie oraz zespo\u0142owo. Specjalizuj\u0119 si\u0119 w coachingu osobistym:<\/p>\n\n\n\n<ul class=\"wp-block-list\"><li>wzmacnianie efektywno\u015bci osobistej &#8211; w \u017cyciu prywatnym oraz zawodowym<\/li><li>planowanie \u015bcie\u017cki kariery<\/li><li>radzenia sobie z trudnymi do\u015bwiadczeniami w \u017cyciu zawodowym np. utraty pracy\/awansu\/stanowiska<\/li><li>radzenia sobie z trudnymi do\u015bwiadczeniami w \u017cyciu osobistym np. rozstania z partnerem, utraty zdrowia. <\/li><li>wzmacnianie odporno\u015bci psychicznej<\/li><li>radzenia sobie z emocjami i l\u0119kami (np. przed lataniem)<\/li><\/ul>\n\n\n\n<p><\/p>\n\n\n\n<p><br>Prowadz\u0105 coaching po polsku i angielsku <\/p>\n","protected":false},"excerpt":{"rendered":"<p>\u0141ukasz D\u0105br\u00f3wka Akredytowany i certyfikowany: coach MLC, cz\u0142onek Izby Coaching, trener HRD BP, facylitator APMG, mediator, coach z 18 do\u015bwiadczeniem zawodowym w obszarze szkole\u0144, facylitacji, negocjacji, mediacji oraz doradztwa dla klient\u00f3w firm B2B, B2C (m.in. telekomunikacja, finanse, budownictwo, handel, b. spo\u017cywcza). Wykorzystuje w pracy swoje do\u015bwiadczenie mened\u017cerskie, zarz\u0105dcze w zakresie projekt\u00f3w biznesowych (wdra\u017cania strategii rozwojowych [&hellip;]<\/p>\n","protected":false},"author":1,"featured_media":0,"parent":0,"menu_order":0,"comment_status":"closed","ping_status":"closed","template":"","meta":{"footnotes":""},"class_list":["post-27","page","type-page","status-publish","hentry"],"_links":{"self":[{"href":"http:\/\/executivecoaching.pl\/index.php\/wp-json\/wp\/v2\/pages\/27","targetHints":{"allow":["GET"]}}],"collection":[{"href":"http:\/\/executivecoaching.pl\/index.php\/wp-json\/wp\/v2\/pages"}],"about":[{"href":"http:\/\/executivecoaching.pl\/index.php\/wp-json\/wp\/v2\/types\/page"}],"author":[{"embeddable":true,"href":"http:\/\/executivecoaching.pl\/index.php\/wp-json\/wp\/v2\/users\/1"}],"replies":[{"embeddable":true,"href":"http:\/\/executivecoaching.pl\/index.php\/wp-json\/wp\/v2\/comments?post=27"}],"version-history":[{"count":4,"href":"http:\/\/executivecoaching.pl\/index.php\/wp-json\/wp\/v2\/pages\/27\/revisions"}],"predecessor-version":[{"id":137,"href":"http:\/\/executivecoaching.pl\/index.php\/wp-json\/wp\/v2\/pages\/27\/revisions\/137"}],"wp:attachment":[{"href":"http:\/\/executivecoaching.pl\/index.php\/wp-json\/wp\/v2\/media?parent=27"}],"curies":[{"name":"wp","href":"https:\/\/api.w.org\/{rel}","templated":true}]}}